{"id":334780,"date":"2020-10-27T16:05:16","date_gmt":"2020-10-27T20:05:16","guid":{"rendered":"https:\/\/forests.org\/?page_id=334780"},"modified":"2023-03-09T17:25:37","modified_gmt":"2023-03-09T22:25:37","slug":"apprendre-cest-dans-notre-nature","status":"publish","type":"page","link":"https:\/\/forests.org\/fr\/apprendre-cest-dans-notre-nature\/","title":{"rendered":"Apprendre, C\u2019est Dans Notre Nature"},"content":{"rendered":"<p><div class=\"fusion-fullwidth fullwidth-box fusion-builder-row-1 fusion-flex-container has-pattern-background has-mask-background fusion-parallax-none nonhundred-percent-fullwidth non-hundred-percent-height-scrolling lazyload\" style=\"--awb-background-position:center bottom;--awb-border-radius-top-left:0px;--awb-border-radius-top-right:0px;--awb-border-radius-bottom-right:0px;--awb-border-radius-bottom-left:0px;--awb-margin-bottom:60px;--awb-min-height:400px;--awb-background-size:cover;--awb-flex-wrap:wrap;\" data-bg=\"https:\/\/forests.org\/wp-content\/uploads\/hero-learning-2023.jpg\" ><div class=\"fusion-builder-row fusion-row fusion-flex-align-items-flex-start fusion-flex-content-wrap\" style=\"max-width:104%;margin-left: calc(-4% \/ 2 );margin-right: calc(-4% \/ 2 );\"><div class=\"fusion-layout-column fusion_builder_column fusion-builder-column-0 fusion_builder_column_1_1 1_1 fusion-flex-column fusion-flex-align-self-stretch\" style=\"--awb-padding-bottom:30px;--awb-bg-size:cover;--awb-width-large:100%;--awb-margin-top-large:0px;--awb-spacing-right-large:1.92%;--awb-margin-bottom-large:20px;--awb-spacing-left-large:1.92%;--awb-width-medium:100%;--awb-order-medium:0;--awb-spacing-right-medium:1.92%;--awb-spacing-left-medium:1.92%;--awb-width-small:100%;--awb-order-small:0;--awb-spacing-right-small:1.92%;--awb-spacing-left-small:1.92%;\"><div class=\"fusion-column-wrapper fusion-column-has-shadow fusion-flex-justify-content-flex-end fusion-content-layout-column\"><div class=\"fusion-title title fusion-title-1 fusion-sep-none fusion-title-text fusion-title-size-one\" style=\"--awb-text-color:#ffffff;--awb-margin-top-small:0px;--awb-margin-right-small:0px;--awb-margin-bottom-small:20px;--awb-margin-left-small:0px;\"><h1 class=\"fusion-title-heading title-heading-left fusion-responsive-typography-calculated\" style=\"margin:0;--fontSize:45;line-height:1.22;text-shadow:3px 3px 4px #062821;\">APPRENDRE, C\u2019EST DANS NOTRE NATURE<\/h1><\/div><\/div><\/div><\/div><\/div><div class=\"fusion-fullwidth fullwidth-box fusion-builder-row-2 fusion-flex-container hundred-percent-fullwidth non-hundred-percent-height-scrolling fusion-no-small-visibility\" style=\"--awb-border-radius-top-left:0px;--awb-border-radius-top-right:0px;--awb-border-radius-bottom-right:0px;--awb-border-radius-bottom-left:0px;--awb-padding-right:5%;--awb-padding-left:5%;--awb-margin-bottom:20px;--awb-flex-wrap:wrap;\" ><div class=\"fusion-builder-row fusion-row fusion-flex-align-items-flex-start fusion-flex-content-wrap\" style=\"width:104% !important;max-width:104% !important;margin-left: calc(-4% \/ 2 );margin-right: calc(-4% \/ 2 );\"><div class=\"fusion-layout-column fusion_builder_column fusion-builder-column-1 fusion_builder_column_1_1 1_1 fusion-flex-column\" style=\"--awb-bg-size:cover;--awb-width-large:100%;--awb-margin-top-large:0px;--awb-spacing-right-large:1.92%;--awb-margin-bottom-large:20px;--awb-spacing-left-large:1.92%;--awb-width-medium:50%;--awb-order-medium:0;--awb-spacing-right-medium:3.84%;--awb-spacing-left-medium:3.84%;--awb-width-small:100%;--awb-order-small:0;--awb-spacing-right-small:1.92%;--awb-spacing-left-small:1.92%;\"><div class=\"fusion-column-wrapper fusion-column-has-shadow fusion-flex-justify-content-flex-start fusion-content-layout-column\"><div class=\"fusion-text fusion-text-1\"><h5 class=\"intro\">Apprendre sur l\u2019environnement et les fa\u00e7ons d\u2019en prendre soin est maintenant plus important que jamais. Apprendre par les arbres, une initiative de SFI, fait progresser la conscience environnementale, la g\u00e9rance de l\u2019environnement et les cheminements de carri\u00e8re en environnement en servant des arbres et des for\u00eats comme des fen\u00eatres sur le monde.<\/h5>\n<\/div><\/div><\/div><div class=\"fusion-layout-column fusion_builder_column fusion-builder-column-2 fusion_builder_column_1_2 1_2 fusion-flex-column\" style=\"--awb-bg-size:cover;--awb-width-large:50%;--awb-margin-top-large:0px;--awb-spacing-right-large:3.84%;--awb-margin-bottom-large:20px;--awb-spacing-left-large:3.84%;--awb-width-medium:50%;--awb-order-medium:0;--awb-spacing-right-medium:3.84%;--awb-spacing-left-medium:3.84%;--awb-width-small:100%;--awb-order-small:0;--awb-spacing-right-small:1.92%;--awb-spacing-left-small:1.92%;\"><div class=\"fusion-column-wrapper fusion-column-has-shadow fusion-flex-justify-content-flex-start fusion-content-layout-column\"><div class=\"fusion-text fusion-text-2\"><p><strong>Comment penser et non quoi penser.\u00a0<\/strong>APLA offre aux enseignants les outils dont ils ont besoin pour faire entrer l\u2019environnement dans la salle de classe et leurs \u00e9l\u00e8ves dans l\u2019environnement. APLA enseigne aux \u00e9l\u00e8ves comment penser et non quoi penser, afin de munir la prochaine g\u00e9n\u00e9ration de la pens\u00e9e critique et des comp\u00e9tences en r\u00e9solution de probl\u00e8mes dont elle aura besoin pour r\u00e9soudre les probl\u00e8mes environnementaux complexes de l\u2019avenir.<\/p>\n<p><strong>L\u2019\u00e9ducation environnementale aide \u00e0 relever ces nouveaux d\u00e9fis.\u00a0<\/strong>Les Nations Unies estiment que la population mondiale passera de 7,7\u00a0milliards \u00e0 9,7\u00a0milliards de personnes au cours des 30\u00a0prochaines ann\u00e9es. Cette croissance exercera une plus grande pression sur les ressources de notre plan\u00e8te et n\u00e9cessitera davantage de solutions durables pour r\u00e9pondre \u00e0 nos besoins. La r\u00e9ponse aux besoins \u00e9cologiques, \u00e9conomiques, culturels et spirituels de la population mondiale n\u00e9cessitera de la compr\u00e9hension et une r\u00e9solution de probl\u00e8mes imaginative.<\/p>\n<\/div><\/div><\/div><div class=\"fusion-layout-column fusion_builder_column fusion-builder-column-3 fusion_builder_column_1_2 1_2 fusion-flex-column\" style=\"--awb-bg-size:cover;--awb-width-large:50%;--awb-margin-top-large:0px;--awb-spacing-right-large:3.84%;--awb-margin-bottom-large:20px;--awb-spacing-left-large:3.84%;--awb-width-medium:50%;--awb-order-medium:0;--awb-spacing-right-medium:3.84%;--awb-spacing-left-medium:3.84%;--awb-width-small:100%;--awb-order-small:0;--awb-spacing-right-small:1.92%;--awb-spacing-left-small:1.92%;\"><div class=\"fusion-column-wrapper fusion-column-has-shadow fusion-flex-justify-content-flex-start fusion-content-layout-column\"><div class=\"fusion-text fusion-text-3\"><p><strong>APLA atteint chaque ann\u00e9e des millions d\u2019enfants.\u00a0<\/strong>L\u2019\u00e9ducation environnementale permet aux apprenants d\u2019acqu\u00e9rir les connaissances, les comp\u00e9tences et la motivation n\u00e9cessaires pour r\u00e9pondre aux d\u00e9fis environnementaux complexes du XXIe\u00a0si\u00e8cle. APLA offre des solutions \u00e9ducatives align\u00e9es sur le programme scolaire, qui ont atteint 3\u00a0millions d\u2019\u00e9l\u00e8ves en 2019, et forme quelque 15\u00a0000\u00a0enseignants chaque ann\u00e9e. La plupart des enseignants assistent \u00e0 un atelier d\u2019APLA parce qu\u2019un de leurs coll\u00e8gues le leur a recommand\u00e9, mais ils le d\u00e9crivent constamment comme l\u2019un des meilleurs \u00e9v\u00e9nements de perfectionnement professionnel qu\u2019ils aient connus.<\/p>\n<p><strong>APLA est r\u00e9compens\u00e9.\u00a0<\/strong>APLA a re\u00e7u un prix Teachers\u2019 Choice Award en 2020 pour son programme Carbon &amp; Climate destin\u00e9 aux \u00e9l\u00e8ves de la 6e \u00e0 la 8e\u00a0ann\u00e9e et en 2019 pour son programme Energy in Ecosystems destin\u00e9 aux \u00e9l\u00e8ves de la 3e \u00e0 la 5e\u00a0ann\u00e9e.<\/p>\n<\/div><\/div><\/div><\/div><\/div><div class=\"fusion-fullwidth fullwidth-box fusion-builder-row-3 fusion-flex-container nonhundred-percent-fullwidth non-hundred-percent-height-scrolling\" style=\"--awb-border-radius-top-left:0px;--awb-border-radius-top-right:0px;--awb-border-radius-bottom-right:0px;--awb-border-radius-bottom-left:0px;--awb-flex-wrap:wrap;\" ><div class=\"fusion-builder-row fusion-row fusion-flex-align-items-flex-start fusion-flex-content-wrap\" style=\"max-width:104%;margin-left: calc(-4% \/ 2 );margin-right: calc(-4% \/ 2 );\"><div class=\"fusion-layout-column fusion_builder_column fusion-builder-column-4 fusion_builder_column_1_1 1_1 fusion-flex-column\" style=\"--awb-bg-size:cover;--awb-width-large:100%;--awb-margin-top-large:0px;--awb-spacing-right-large:1.92%;--awb-margin-bottom-large:20px;--awb-spacing-left-large:1.92%;--awb-width-medium:100%;--awb-order-medium:0;--awb-spacing-right-medium:1.92%;--awb-spacing-left-medium:1.92%;--awb-width-small:100%;--awb-order-small:0;--awb-spacing-right-small:1.92%;--awb-spacing-left-small:1.92%;\"><div class=\"fusion-column-wrapper fusion-column-has-shadow fusion-flex-justify-content-flex-start fusion-content-layout-column\"><div class=\"fusion-text fusion-text-4\"><h3 class=\"green-building\"><span style=\"color: #333333;\">RESSOURCES<\/span><\/h3>\n<\/div><\/div><\/div><\/div><\/div><div class=\"fusion-fullwidth fullwidth-box fusion-builder-row-4 fusion-flex-container nonhundred-percent-fullwidth non-hundred-percent-height-scrolling\" style=\"--awb-border-radius-top-left:0px;--awb-border-radius-top-right:0px;--awb-border-radius-bottom-right:0px;--awb-border-radius-bottom-left:0px;--awb-flex-wrap:wrap;\" ><div class=\"fusion-builder-row fusion-row fusion-flex-align-items-flex-start fusion-flex-content-wrap\" style=\"max-width:104%;margin-left: calc(-4% \/ 2 );margin-right: calc(-4% \/ 2 );\"><div class=\"fusion-layout-column fusion_builder_column fusion-builder-column-5 fusion_builder_column_1_3 1_3 fusion-flex-column\" style=\"--awb-bg-size:cover;--awb-width-large:33.3333333333%;--awb-margin-top-large:0px;--awb-spacing-right-large:5.76%;--awb-margin-bottom-large:20px;--awb-spacing-left-large:5.76%;--awb-width-medium:33.3333333333%;--awb-order-medium:0;--awb-spacing-right-medium:5.76%;--awb-spacing-left-medium:5.76%;--awb-width-small:50%;--awb-order-small:0;--awb-spacing-right-small:3.84%;--awb-spacing-left-small:3.84%;\"><div class=\"fusion-column-wrapper fusion-column-has-shadow fusion-flex-justify-content-flex-start fusion-content-layout-column\"><div class=\"fusion-image-element \" style=\"text-align:center;--awb-caption-title-font-family:var(--h2_typography-font-family);--awb-caption-title-font-weight:var(--h2_typography-font-weight);--awb-caption-title-font-style:var(--h2_typography-font-style);--awb-caption-title-size:var(--h2_typography-font-size);--awb-caption-title-transform:var(--h2_typography-text-transform);--awb-caption-title-line-height:var(--h2_typography-line-height);--awb-caption-title-letter-spacing:var(--h2_typography-letter-spacing);\"><span class=\" fusion-imageframe imageframe-none imageframe-1 hover-type-none\"><a class=\"fusion-no-lightbox\" href=\"http:\/\/www.plt.org\/educator-tips\/top-ten-benefits-environmental-education\/\" target=\"_blank\" aria-label=\"Learn_top10_2\" rel=\"noopener noreferrer\"><img decoding=\"async\" width=\"860\" height=\"480\" src=\"data:image\/svg+xml,%3Csvg%20xmlns%3D%27http%3A%2F%2Fwww.w3.org%2F2000%2Fsvg%27%20width%3D%27860%27%20height%3D%27480%27%20viewBox%3D%270%200%20860%20480%27%3E%3Crect%20width%3D%27860%27%20height%3D%27480%27%20fill-opacity%3D%220%22%2F%3E%3C%2Fsvg%3E\" data-orig-src=\"https:\/\/forests.org\/wp-content\/uploads\/Learn_top10_2.jpg\" alt class=\"lazyload img-responsive wp-image-38556\"\/><\/a><\/span><\/div><div class=\"fusion-text fusion-text-5\"><p class=\"card-title\"><a href=\"http:\/\/www.plt.org\/educator-tips\/top-ten-benefits-environmental-education\/\">Les 10\u00a0plus grands avantages de l\u2019\u00e9ducation environnementale selon APLA<\/a><\/p>\n<\/div><\/div><\/div><div class=\"fusion-layout-column fusion_builder_column fusion-builder-column-6 fusion_builder_column_1_3 1_3 fusion-flex-column\" style=\"--awb-bg-size:cover;--awb-width-large:33.3333333333%;--awb-margin-top-large:0px;--awb-spacing-right-large:5.76%;--awb-margin-bottom-large:20px;--awb-spacing-left-large:5.76%;--awb-width-medium:33.3333333333%;--awb-order-medium:0;--awb-spacing-right-medium:5.76%;--awb-spacing-left-medium:5.76%;--awb-width-small:50%;--awb-order-small:0;--awb-spacing-right-small:3.84%;--awb-spacing-left-small:3.84%;\"><div class=\"fusion-column-wrapper fusion-column-has-shadow fusion-flex-justify-content-flex-start fusion-content-layout-column\"><div class=\"fusion-image-element \" style=\"text-align:center;--awb-caption-title-font-family:var(--h2_typography-font-family);--awb-caption-title-font-weight:var(--h2_typography-font-weight);--awb-caption-title-font-style:var(--h2_typography-font-style);--awb-caption-title-size:var(--h2_typography-font-size);--awb-caption-title-transform:var(--h2_typography-text-transform);--awb-caption-title-line-height:var(--h2_typography-line-height);--awb-caption-title-letter-spacing:var(--h2_typography-letter-spacing);\"><span class=\" fusion-imageframe imageframe-none imageframe-2 hover-type-none\"><a class=\"fusion-no-lightbox\" href=\"https:\/\/www.plt.org\/about-us\/connecting-kids-to-nature\/\" target=\"_blank\" aria-label=\"Learn_nature\" rel=\"noopener noreferrer\"><img decoding=\"async\" width=\"860\" height=\"480\" src=\"data:image\/svg+xml,%3Csvg%20xmlns%3D%27http%3A%2F%2Fwww.w3.org%2F2000%2Fsvg%27%20width%3D%27860%27%20height%3D%27480%27%20viewBox%3D%270%200%20860%20480%27%3E%3Crect%20width%3D%27860%27%20height%3D%27480%27%20fill-opacity%3D%220%22%2F%3E%3C%2Fsvg%3E\" data-orig-src=\"https:\/\/forests.org\/wp-content\/uploads\/Learn_nature.jpg\" alt class=\"lazyload img-responsive wp-image-38533\"\/><\/a><\/span><\/div><div class=\"fusion-text fusion-text-6\"><p class=\"card-title\"><a href=\"https:\/\/www.plt.org\/about-us\/connecting-kids-to-nature\/\">Encouragez les \u00e9coles de votre patelin \u00e0 amener les \u00e9l\u00e8ves \u00e0 l\u2019ext\u00e9rieur pour apprendre<\/a><\/p>\n<\/div><\/div><\/div><div class=\"fusion-layout-column fusion_builder_column fusion-builder-column-7 fusion_builder_column_1_3 1_3 fusion-flex-column\" style=\"--awb-bg-size:cover;--awb-width-large:33.3333333333%;--awb-margin-top-large:0px;--awb-spacing-right-large:5.76%;--awb-margin-bottom-large:20px;--awb-spacing-left-large:5.76%;--awb-width-medium:33.3333333333%;--awb-order-medium:0;--awb-spacing-right-medium:5.76%;--awb-spacing-left-medium:5.76%;--awb-width-small:50%;--awb-order-small:0;--awb-spacing-right-small:3.84%;--awb-spacing-left-small:3.84%;\"><div class=\"fusion-column-wrapper fusion-column-has-shadow fusion-flex-justify-content-flex-start fusion-content-layout-column\"><div class=\"fusion-image-element \" style=\"text-align:center;--awb-caption-title-font-family:var(--h2_typography-font-family);--awb-caption-title-font-weight:var(--h2_typography-font-weight);--awb-caption-title-font-style:var(--h2_typography-font-style);--awb-caption-title-size:var(--h2_typography-font-size);--awb-caption-title-transform:var(--h2_typography-text-transform);--awb-caption-title-line-height:var(--h2_typography-line-height);--awb-caption-title-letter-spacing:var(--h2_typography-letter-spacing);\"><span class=\" fusion-imageframe imageframe-none imageframe-3 hover-type-none\"><a class=\"fusion-no-lightbox\" href=\"https:\/\/www.plt.org\/activities-for-families\/\" target=\"_blank\" aria-label=\"Learn_activities2\" rel=\"noopener noreferrer\"><img decoding=\"async\" width=\"860\" height=\"480\" src=\"data:image\/svg+xml,%3Csvg%20xmlns%3D%27http%3A%2F%2Fwww.w3.org%2F2000%2Fsvg%27%20width%3D%27860%27%20height%3D%27480%27%20viewBox%3D%270%200%20860%20480%27%3E%3Crect%20width%3D%27860%27%20height%3D%27480%27%20fill-opacity%3D%220%22%2F%3E%3C%2Fsvg%3E\" data-orig-src=\"https:\/\/forests.org\/wp-content\/uploads\/Learn_activities2.jpg\" alt class=\"lazyload img-responsive wp-image-38553\"\/><\/a><\/span><\/div><div class=\"fusion-text fusion-text-7\"><p class=\"article-title\"><a href=\"https:\/\/www.plt.org\/activities-for-families\/\">D\u00e9couvrez l\u2019ensemble d\u2019activit\u00e9s familiales amusantes et faciles d\u2019APLA.<\/a><\/p>\n<\/div><\/div><\/div><\/div><\/div><\/p>\n","protected":false},"excerpt":{"rendered":"","protected":false},"author":1,"featured_media":0,"parent":0,"menu_order":0,"comment_status":"closed","ping_status":"closed","template":"","meta":{"_exactmetrics_skip_tracking":false,"_exactmetrics_sitenote_active":false,"_exactmetrics_sitenote_note":"","_exactmetrics_sitenote_category":0,"footnotes":""},"wf_page_folders":[547,642],"class_list":["post-334780","page","type-page","status-publish","hentry"],"yoast_head":"<!-- This site is optimized with the Yoast SEO plugin v27.3 - https:\/\/yoast.com\/product\/yoast-seo-wordpress\/ -->\n<title>Apprendre, C\u2019est Dans Notre Nature - forests.org<\/title>\n<meta name=\"robots\" content=\"index, follow, max-snippet:-1, max-image-preview:large, max-video-preview:-1\" \/>\n<link rel=\"canonical\" href=\"https:\/\/forests.org\/fr\/apprendre-cest-dans-notre-nature\/\" \/>\n<meta property=\"og:locale\" content=\"fr_FR\" \/>\n<meta property=\"og:type\" content=\"article\" \/>\n<meta property=\"og:title\" content=\"Apprendre, C\u2019est Dans Notre Nature - forests.org\" \/>\n<meta property=\"og:url\" content=\"https:\/\/forests.org\/fr\/apprendre-cest-dans-notre-nature\/\" \/>\n<meta property=\"og:site_name\" content=\"forests.org\" \/>\n<meta property=\"article:publisher\" content=\"https:\/\/www.facebook.com\/SustainableForestryInitiative\" \/>\n<meta property=\"article:modified_time\" content=\"2023-03-09T22:25:37+00:00\" \/>\n<meta property=\"og:image\" content=\"https:\/\/forests.org\/wp-content\/uploads\/SFI-social-logo.jpg\" \/>\n\t<meta property=\"og:image:width\" content=\"400\" \/>\n\t<meta property=\"og:image:height\" content=\"218\" \/>\n\t<meta property=\"og:image:type\" content=\"image\/jpeg\" \/>\n<meta name=\"twitter:card\" content=\"summary_large_image\" \/>\n<meta name=\"twitter:site\" content=\"@sfiprogram\" \/>\n<meta name=\"twitter:label1\" content=\"Dur\u00e9e de lecture estim\u00e9e\" \/>\n\t<meta name=\"twitter:data1\" content=\"8 minutes\" \/>\n<script type=\"application\/ld+json\" class=\"yoast-schema-graph\">{\"@context\":\"https:\\\/\\\/schema.org\",\"@graph\":[{\"@type\":\"WebPage\",\"@id\":\"https:\\\/\\\/forests.org\\\/fr\\\/apprendre-cest-dans-notre-nature\\\/\",\"url\":\"https:\\\/\\\/forests.org\\\/fr\\\/apprendre-cest-dans-notre-nature\\\/\",\"name\":\"Apprendre, C\u2019est Dans Notre Nature - forests.org\",\"isPartOf\":{\"@id\":\"https:\\\/\\\/forests.org\\\/fr\\\/#website\"},\"datePublished\":\"2020-10-27T20:05:16+00:00\",\"dateModified\":\"2023-03-09T22:25:37+00:00\",\"breadcrumb\":{\"@id\":\"https:\\\/\\\/forests.org\\\/fr\\\/apprendre-cest-dans-notre-nature\\\/#breadcrumb\"},\"inLanguage\":\"fr-FR\",\"potentialAction\":[{\"@type\":\"ReadAction\",\"target\":[\"https:\\\/\\\/forests.org\\\/fr\\\/apprendre-cest-dans-notre-nature\\\/\"]}]},{\"@type\":\"BreadcrumbList\",\"@id\":\"https:\\\/\\\/forests.org\\\/fr\\\/apprendre-cest-dans-notre-nature\\\/#breadcrumb\",\"itemListElement\":[{\"@type\":\"ListItem\",\"position\":1,\"name\":\"Home\",\"item\":\"https:\\\/\\\/forests.org\\\/fr\\\/\"},{\"@type\":\"ListItem\",\"position\":2,\"name\":\"Apprendre, C\u2019est Dans Notre Nature\"}]},{\"@type\":\"WebSite\",\"@id\":\"https:\\\/\\\/forests.org\\\/fr\\\/#website\",\"url\":\"https:\\\/\\\/forests.org\\\/fr\\\/\",\"name\":\"forests.org\",\"description\":\"\",\"publisher\":{\"@id\":\"https:\\\/\\\/forests.org\\\/fr\\\/#organization\"},\"potentialAction\":[{\"@type\":\"SearchAction\",\"target\":{\"@type\":\"EntryPoint\",\"urlTemplate\":\"https:\\\/\\\/forests.org\\\/fr\\\/?s={search_term_string}\"},\"query-input\":{\"@type\":\"PropertyValueSpecification\",\"valueRequired\":true,\"valueName\":\"search_term_string\"}}],\"inLanguage\":\"fr-FR\"},{\"@type\":\"Organization\",\"@id\":\"https:\\\/\\\/forests.org\\\/fr\\\/#organization\",\"name\":\"Sustainable Forestry Initiative\",\"url\":\"https:\\\/\\\/forests.org\\\/fr\\\/\",\"logo\":{\"@type\":\"ImageObject\",\"inLanguage\":\"fr-FR\",\"@id\":\"https:\\\/\\\/forests.org\\\/fr\\\/#\\\/schema\\\/logo\\\/image\\\/\",\"url\":\"https:\\\/\\\/forests.org\\\/wp-content\\\/uploads\\\/Grant-SFI-logo-FI2.jpg\",\"contentUrl\":\"https:\\\/\\\/forests.org\\\/wp-content\\\/uploads\\\/Grant-SFI-logo-FI2.jpg\",\"width\":400,\"height\":400,\"caption\":\"Sustainable Forestry Initiative\"},\"image\":{\"@id\":\"https:\\\/\\\/forests.org\\\/fr\\\/#\\\/schema\\\/logo\\\/image\\\/\"},\"sameAs\":[\"https:\\\/\\\/www.facebook.com\\\/SustainableForestryInitiative\",\"https:\\\/\\\/x.com\\\/sfiprogram\",\"https:\\\/\\\/www.linkedin.com\\\/company\\\/sustainable-forestry-initiative-inc-\",\"https:\\\/\\\/www.youtube.com\\\/user\\\/SFIProgram\"]}]}<\/script>\n<!-- \/ Yoast SEO plugin. -->","yoast_head_json":{"title":"Apprendre, C\u2019est Dans Notre Nature - forests.org","robots":{"index":"index","follow":"follow","max-snippet":"max-snippet:-1","max-image-preview":"max-image-preview:large","max-video-preview":"max-video-preview:-1"},"canonical":"https:\/\/forests.org\/fr\/apprendre-cest-dans-notre-nature\/","og_locale":"fr_FR","og_type":"article","og_title":"Apprendre, C\u2019est Dans Notre Nature - forests.org","og_url":"https:\/\/forests.org\/fr\/apprendre-cest-dans-notre-nature\/","og_site_name":"forests.org","article_publisher":"https:\/\/www.facebook.com\/SustainableForestryInitiative","article_modified_time":"2023-03-09T22:25:37+00:00","og_image":[{"width":400,"height":218,"url":"https:\/\/forests.org\/wp-content\/uploads\/SFI-social-logo.jpg","type":"image\/jpeg"}],"twitter_card":"summary_large_image","twitter_site":"@sfiprogram","twitter_misc":{"Dur\u00e9e de lecture estim\u00e9e":"8 minutes"},"schema":{"@context":"https:\/\/schema.org","@graph":[{"@type":"WebPage","@id":"https:\/\/forests.org\/fr\/apprendre-cest-dans-notre-nature\/","url":"https:\/\/forests.org\/fr\/apprendre-cest-dans-notre-nature\/","name":"Apprendre, C\u2019est Dans Notre Nature - forests.org","isPartOf":{"@id":"https:\/\/forests.org\/fr\/#website"},"datePublished":"2020-10-27T20:05:16+00:00","dateModified":"2023-03-09T22:25:37+00:00","breadcrumb":{"@id":"https:\/\/forests.org\/fr\/apprendre-cest-dans-notre-nature\/#breadcrumb"},"inLanguage":"fr-FR","potentialAction":[{"@type":"ReadAction","target":["https:\/\/forests.org\/fr\/apprendre-cest-dans-notre-nature\/"]}]},{"@type":"BreadcrumbList","@id":"https:\/\/forests.org\/fr\/apprendre-cest-dans-notre-nature\/#breadcrumb","itemListElement":[{"@type":"ListItem","position":1,"name":"Home","item":"https:\/\/forests.org\/fr\/"},{"@type":"ListItem","position":2,"name":"Apprendre, C\u2019est Dans Notre Nature"}]},{"@type":"WebSite","@id":"https:\/\/forests.org\/fr\/#website","url":"https:\/\/forests.org\/fr\/","name":"forests.org","description":"","publisher":{"@id":"https:\/\/forests.org\/fr\/#organization"},"potentialAction":[{"@type":"SearchAction","target":{"@type":"EntryPoint","urlTemplate":"https:\/\/forests.org\/fr\/?s={search_term_string}"},"query-input":{"@type":"PropertyValueSpecification","valueRequired":true,"valueName":"search_term_string"}}],"inLanguage":"fr-FR"},{"@type":"Organization","@id":"https:\/\/forests.org\/fr\/#organization","name":"Sustainable Forestry Initiative","url":"https:\/\/forests.org\/fr\/","logo":{"@type":"ImageObject","inLanguage":"fr-FR","@id":"https:\/\/forests.org\/fr\/#\/schema\/logo\/image\/","url":"https:\/\/forests.org\/wp-content\/uploads\/Grant-SFI-logo-FI2.jpg","contentUrl":"https:\/\/forests.org\/wp-content\/uploads\/Grant-SFI-logo-FI2.jpg","width":400,"height":400,"caption":"Sustainable Forestry Initiative"},"image":{"@id":"https:\/\/forests.org\/fr\/#\/schema\/logo\/image\/"},"sameAs":["https:\/\/www.facebook.com\/SustainableForestryInitiative","https:\/\/x.com\/sfiprogram","https:\/\/www.linkedin.com\/company\/sustainable-forestry-initiative-inc-","https:\/\/www.youtube.com\/user\/SFIProgram"]}]}},"_links":{"self":[{"href":"https:\/\/forests.org\/fr\/wp-json\/wp\/v2\/pages\/334780","targetHints":{"allow":["GET"]}}],"collection":[{"href":"https:\/\/forests.org\/fr\/wp-json\/wp\/v2\/pages"}],"about":[{"href":"https:\/\/forests.org\/fr\/wp-json\/wp\/v2\/types\/page"}],"author":[{"embeddable":true,"href":"https:\/\/forests.org\/fr\/wp-json\/wp\/v2\/users\/1"}],"replies":[{"embeddable":true,"href":"https:\/\/forests.org\/fr\/wp-json\/wp\/v2\/comments?post=334780"}],"version-history":[{"count":0,"href":"https:\/\/forests.org\/fr\/wp-json\/wp\/v2\/pages\/334780\/revisions"}],"wp:attachment":[{"href":"https:\/\/forests.org\/fr\/wp-json\/wp\/v2\/media?parent=334780"}],"wp:term":[{"taxonomy":"wf_page_folders","embeddable":true,"href":"https:\/\/forests.org\/fr\/wp-json\/wp\/v2\/wf_page_folders?post=334780"}],"curies":[{"name":"wp","href":"https:\/\/api.w.org\/{rel}","templated":true}]}}