{"id":359030,"date":"2019-02-22T17:31:21","date_gmt":"2019-02-22T22:31:21","guid":{"rendered":"https:\/\/forests.org\/?page_id=359030"},"modified":"2023-03-15T14:42:19","modified_gmt":"2023-03-15T18:42:19","slug":"reconnaissance-par-le-pefc","status":"publish","type":"page","link":"https:\/\/forests.org\/fr\/reconnaissance-par-le-pefc\/","title":{"rendered":"Reconnaissance par le PEFC"},"content":{"rendered":"<p><div class=\"fusion-fullwidth fullwidth-box fusion-builder-row-1 fusion-flex-container hundred-percent-fullwidth non-hundred-percent-height-scrolling\" style=\"--awb-border-radius-top-left:0px;--awb-border-radius-top-right:0px;--awb-border-radius-bottom-right:0px;--awb-border-radius-bottom-left:0px;--awb-padding-right:5%;--awb-padding-left:5%;--awb-margin-bottom:20px;--awb-flex-wrap:wrap;\" ><div class=\"fusion-builder-row fusion-row fusion-flex-align-items-flex-start fusion-flex-content-wrap\" style=\"width:104% !important;max-width:104% !important;margin-left: calc(-4% \/ 2 );margin-right: calc(-4% \/ 2 );\"><div class=\"fusion-layout-column fusion_builder_column fusion-builder-column-0 fusion_builder_column_2_3 2_3 fusion-flex-column\" style=\"--awb-bg-size:cover;--awb-border-color:rgba(128,35,15,0.5);--awb-border-right:0;--awb-border-style:solid;--awb-width-large:66.6666666667%;--awb-margin-top-large:0px;--awb-spacing-right-large:2.88%;--awb-margin-bottom-large:20px;--awb-spacing-left-large:2.88%;--awb-width-medium:66.6666666667%;--awb-order-medium:0;--awb-spacing-right-medium:2.88%;--awb-spacing-left-medium:2.88%;--awb-width-small:100%;--awb-order-small:2;--awb-spacing-right-small:1.92%;--awb-spacing-left-small:1.92%;\"><div class=\"fusion-column-wrapper fusion-column-has-shadow fusion-flex-justify-content-flex-start fusion-content-layout-column\"><div class=\"fusion-text fusion-text-1 fusion-text-no-margin\" style=\"--awb-margin-bottom:10px;\"><h1>LE PEFC DONNE UNE RECONNAISSANCE MONDIALE \u00c0 SFI<\/h1>\n<\/div><div class=\"fusion-text fusion-text-2\"><h5 class=\"intro\">La reconnaissance par le Program for the Endorsement of Forest Certification (PEFC) accro\u00eet la renomm\u00e9e mondiale de SFI.<\/h5>\n<\/div><\/div><\/div><div class=\"fusion-layout-column fusion_builder_column fusion-builder-column-1 fusion_builder_column_1_3 1_3 fusion-flex-column\" style=\"--awb-bg-size:cover;--awb-border-color:rgba(128,35,15,0.5);--awb-border-style:solid;--awb-width-large:33.3333333333%;--awb-margin-top-large:;--awb-spacing-right-large:5.76%;--awb-margin-bottom-large:20px;--awb-spacing-left-large:5.76%;--awb-width-medium:33.3333333333%;--awb-order-medium:0;--awb-spacing-right-medium:5.76%;--awb-spacing-left-medium:5.76%;--awb-width-small:100%;--awb-order-small:1;--awb-spacing-right-small:1.92%;--awb-margin-bottom-small:0px;--awb-spacing-left-small:1.92%;\"><div class=\"fusion-column-wrapper fusion-column-has-shadow fusion-flex-justify-content-flex-start fusion-content-layout-column\"><div class=\"fusion-image-element \" style=\"text-align:center;--awb-max-width:550px;--awb-caption-title-font-family:var(--h2_typography-font-family);--awb-caption-title-font-weight:var(--h2_typography-font-weight);--awb-caption-title-font-style:var(--h2_typography-font-style);--awb-caption-title-size:var(--h2_typography-font-size);--awb-caption-title-transform:var(--h2_typography-text-transform);--awb-caption-title-line-height:var(--h2_typography-line-height);--awb-caption-title-letter-spacing:var(--h2_typography-letter-spacing);\"><span class=\" fusion-imageframe imageframe-none imageframe-1 hover-type-none\"><img decoding=\"async\" width=\"833\" height=\"729\" title=\"PEFC-40-percent_FR\" src=\"data:image\/svg+xml,%3Csvg%20xmlns%3D%27http%3A%2F%2Fwww.w3.org%2F2000%2Fsvg%27%20width%3D%27833%27%20height%3D%27729%27%20viewBox%3D%270%200%20833%20729%27%3E%3Crect%20width%3D%27833%27%20height%3D%27729%27%20fill-opacity%3D%220%22%2F%3E%3C%2Fsvg%3E\" data-orig-src=\"https:\/\/forests.org\/wp-content\/uploads\/PEFC-40-percent_FR.jpg\" alt class=\"lazyload img-responsive wp-image-765486\"\/><\/span><\/div><\/div><\/div><\/div><\/div><div class=\"fusion-fullwidth fullwidth-box fusion-builder-row-2 fusion-flex-container nonhundred-percent-fullwidth non-hundred-percent-height-scrolling\" style=\"--awb-border-radius-top-left:0px;--awb-border-radius-top-right:0px;--awb-border-radius-bottom-right:0px;--awb-border-radius-bottom-left:0px;--awb-padding-right:5%;--awb-padding-left:5%;--awb-margin-bottom:40px;--awb-flex-wrap:wrap;\" ><div class=\"fusion-builder-row fusion-row fusion-flex-align-items-flex-start fusion-flex-content-wrap\" style=\"max-width:104%;margin-left: calc(-4% \/ 2 );margin-right: calc(-4% \/ 2 );\"><div class=\"fusion-layout-column fusion_builder_column fusion-builder-column-2 fusion_builder_column_3_4 3_4 fusion-flex-column\" style=\"--awb-bg-size:cover;--awb-width-large:75%;--awb-margin-top-large:0px;--awb-spacing-right-large:2.56%;--awb-margin-bottom-large:20px;--awb-spacing-left-large:2.56%;--awb-width-medium:100%;--awb-spacing-right-medium:1.92%;--awb-spacing-left-medium:1.92%;--awb-width-small:100%;--awb-spacing-right-small:1.92%;--awb-spacing-left-small:1.92%;\"><div class=\"fusion-column-wrapper fusion-flex-justify-content-flex-start fusion-content-layout-column\"><div class=\"fusion-text fusion-text-3 fusion-text-no-margin\" style=\"--awb-margin-bottom:20px;\"><h5>Avec plus de 43 syst\u00e8mes nationaux de certification foresti\u00e8re reconnus et plus de 300 millions d\u2019hectares de for\u00eats certifi\u00e9es, le PEFC est le plus important syst\u00e8me de certification foresti\u00e8re au monde.<\/h5>\n<\/div><div class=\"fusion-text fusion-text-4\"><p>Le PEFC est une organisation non gouvernementale mondiale \u00e0 but non lucratif vou\u00e9e \u00e0 promouvoir l\u2019am\u00e9nagement forestier durable au moyen de la certification par de tierces parties ind\u00e9pendantes. En tant qu\u2019organisation parapluie, le PEFC travaille \u00e0 reconna\u00eetre les syst\u00e8mes nationaux de certification foresti\u00e8re \u00e9labor\u00e9s dans le cadre de processus multipartites et adapt\u00e9s aux priorit\u00e9s et conditions locales.<br \/>\nChaque syst\u00e8me national de certification foresti\u00e8re fait l\u2019objet d\u2019une \u00e9valuation rigoureuse par une tierce partie sur la base des crit\u00e8res de durabilit\u00e9 propres au PEFC pour assurer la conformit\u00e9 avec les exigences mondiales.<\/p>\n<p><strong><a href=\"https:\/\/www.pefc.org\" target=\"_blank\" rel=\"noopener noreferrer\">Pour en savoir plus au sujet du PEFC<\/a><\/strong>.<\/p>\n<\/div><\/div><\/div><div class=\"fusion-layout-column fusion_builder_column fusion-builder-column-3 fusion_builder_column_1_4 1_4 fusion-flex-column\" style=\"--awb-bg-size:cover;--awb-width-large:25%;--awb-margin-top-large:0px;--awb-spacing-right-large:7.68%;--awb-margin-bottom-large:20px;--awb-spacing-left-large:7.68%;--awb-width-medium:100%;--awb-order-medium:0;--awb-spacing-right-medium:1.92%;--awb-spacing-left-medium:1.92%;--awb-width-small:100%;--awb-order-small:0;--awb-spacing-right-small:1.92%;--awb-spacing-left-small:1.92%;\"><div class=\"fusion-column-wrapper fusion-column-has-shadow fusion-flex-justify-content-flex-start fusion-content-layout-column\"><div class=\"fusion-text fusion-text-5 fusion-text-no-margin\" style=\"--awb-margin-bottom:60px;\"><h5><a href=\"https:\/\/forests.org\/fr\/des-labels-qui-reconnaissent-les-normes-mondiales\/\">UN LABELS QUI RECONNA\u00ceT LES NORMES MONDIALES<\/a><\/h5>\n<div class=\"fusion-separator fusion-full-width-sep\" style=\"align-self: center;margin-left: auto;margin-right: auto;margin-top:10px;margin-bottom:10px;width:100%;\"><div class=\"fusion-separator-border sep-single sep-solid\" style=\"--awb-height:20px;--awb-amount:20px;--awb-sep-color:#d6d6d6;border-color:#d6d6d6;border-top-width:1px;\"><\/div><\/div>\n<h5><a href=\"https:\/\/forests.org\/fr\/utilisation-des-labels\/\">LES LABELS DE PRODUIT SFI<\/a><\/h5>\n<div class=\"fusion-separator fusion-full-width-sep\" style=\"align-self: center;margin-left: auto;margin-right: auto;margin-top:10px;margin-bottom:10px;width:100%;\"><div class=\"fusion-separator-border sep-single sep-solid\" style=\"--awb-height:20px;--awb-amount:20px;--awb-sep-color:#d6d6d6;border-color:#d6d6d6;border-top-width:1px;\"><\/div><\/div>\n<h5><a href=\"https:\/\/forests.org\/fr\/reconnaissance-par-le-pefc\/\">LE PEFC DONNE UNE RECONNAISSANCE MONDIALE \u00c0 SFI<\/a><\/h5>\n<div class=\"fusion-separator fusion-full-width-sep\" style=\"align-self: center;margin-left: auto;margin-right: auto;margin-top:10px;margin-bottom:10px;width:100%;\"><div class=\"fusion-separator-border sep-single sep-solid\" style=\"--awb-height:20px;--awb-amount:20px;--awb-sep-color:#d6d6d6;border-color:#d6d6d6;border-top-width:1px;\"><\/div><\/div>\n<h5><a href=\"\/fr\/reseau-pefc\/\">TOOLS FOR PEFC LOGO USERS<\/a><\/h5>\n<div class=\"fusion-separator fusion-full-width-sep\" style=\"align-self: center;margin-left: auto;margin-right: auto;margin-top:10px;margin-bottom:10px;width:100%;\"><div class=\"fusion-separator-border sep-single sep-solid\" style=\"--awb-height:20px;--awb-amount:20px;--awb-sep-color:#d6d6d6;border-color:#d6d6d6;border-top-width:1px;\"><\/div><\/div>\n<\/div>\n<\/div><\/div><\/div><\/div><\/p>\n","protected":false},"excerpt":{"rendered":"","protected":false},"author":1,"featured_media":0,"parent":0,"menu_order":1,"comment_status":"closed","ping_status":"closed","template":"","meta":{"_exactmetrics_skip_tracking":false,"_exactmetrics_sitenote_active":false,"_exactmetrics_sitenote_note":"","_exactmetrics_sitenote_category":0,"footnotes":""},"wf_page_folders":[606,447],"class_list":["post-359030","page","type-page","status-publish","hentry"],"yoast_head":"<!-- This site is optimized with the Yoast SEO plugin v27.3 - https:\/\/yoast.com\/product\/yoast-seo-wordpress\/ -->\n<title>Reconnaissance par le PEFC - forests.org<\/title>\n<meta name=\"robots\" content=\"index, follow, max-snippet:-1, max-image-preview:large, max-video-preview:-1\" \/>\n<link rel=\"canonical\" href=\"https:\/\/forests.org\/fr\/reconnaissance-par-le-pefc\/\" \/>\n<meta property=\"og:locale\" content=\"fr_FR\" \/>\n<meta property=\"og:type\" content=\"article\" \/>\n<meta property=\"og:title\" content=\"Reconnaissance par le PEFC - forests.org\" \/>\n<meta property=\"og:url\" content=\"https:\/\/forests.org\/fr\/reconnaissance-par-le-pefc\/\" \/>\n<meta property=\"og:site_name\" content=\"forests.org\" \/>\n<meta property=\"article:publisher\" content=\"https:\/\/www.facebook.com\/SustainableForestryInitiative\" \/>\n<meta property=\"article:modified_time\" content=\"2023-03-15T18:42:19+00:00\" \/>\n<meta property=\"og:image\" content=\"https:\/\/forests.org\/wp-content\/uploads\/SFI-social-logo.jpg\" \/>\n\t<meta property=\"og:image:width\" content=\"400\" \/>\n\t<meta property=\"og:image:height\" content=\"218\" \/>\n\t<meta property=\"og:image:type\" content=\"image\/jpeg\" \/>\n<meta name=\"twitter:card\" content=\"summary_large_image\" \/>\n<meta name=\"twitter:site\" content=\"@sfiprogram\" \/>\n<meta name=\"twitter:label1\" content=\"Dur\u00e9e de lecture estim\u00e9e\" \/>\n\t<meta name=\"twitter:data1\" content=\"4 minutes\" \/>\n<script type=\"application\/ld+json\" class=\"yoast-schema-graph\">{\"@context\":\"https:\\\/\\\/schema.org\",\"@graph\":[{\"@type\":\"WebPage\",\"@id\":\"https:\\\/\\\/forests.org\\\/fr\\\/reconnaissance-par-le-pefc\\\/\",\"url\":\"https:\\\/\\\/forests.org\\\/fr\\\/reconnaissance-par-le-pefc\\\/\",\"name\":\"Reconnaissance par le PEFC - forests.org\",\"isPartOf\":{\"@id\":\"https:\\\/\\\/forests.org\\\/fr\\\/#website\"},\"datePublished\":\"2019-02-22T22:31:21+00:00\",\"dateModified\":\"2023-03-15T18:42:19+00:00\",\"breadcrumb\":{\"@id\":\"https:\\\/\\\/forests.org\\\/fr\\\/reconnaissance-par-le-pefc\\\/#breadcrumb\"},\"inLanguage\":\"fr-FR\",\"potentialAction\":[{\"@type\":\"ReadAction\",\"target\":[\"https:\\\/\\\/forests.org\\\/fr\\\/reconnaissance-par-le-pefc\\\/\"]}]},{\"@type\":\"BreadcrumbList\",\"@id\":\"https:\\\/\\\/forests.org\\\/fr\\\/reconnaissance-par-le-pefc\\\/#breadcrumb\",\"itemListElement\":[{\"@type\":\"ListItem\",\"position\":1,\"name\":\"Home\",\"item\":\"https:\\\/\\\/forests.org\\\/fr\\\/\"},{\"@type\":\"ListItem\",\"position\":2,\"name\":\"Reconnaissance par le PEFC\"}]},{\"@type\":\"WebSite\",\"@id\":\"https:\\\/\\\/forests.org\\\/fr\\\/#website\",\"url\":\"https:\\\/\\\/forests.org\\\/fr\\\/\",\"name\":\"forests.org\",\"description\":\"\",\"publisher\":{\"@id\":\"https:\\\/\\\/forests.org\\\/fr\\\/#organization\"},\"potentialAction\":[{\"@type\":\"SearchAction\",\"target\":{\"@type\":\"EntryPoint\",\"urlTemplate\":\"https:\\\/\\\/forests.org\\\/fr\\\/?s={search_term_string}\"},\"query-input\":{\"@type\":\"PropertyValueSpecification\",\"valueRequired\":true,\"valueName\":\"search_term_string\"}}],\"inLanguage\":\"fr-FR\"},{\"@type\":\"Organization\",\"@id\":\"https:\\\/\\\/forests.org\\\/fr\\\/#organization\",\"name\":\"Sustainable Forestry Initiative\",\"url\":\"https:\\\/\\\/forests.org\\\/fr\\\/\",\"logo\":{\"@type\":\"ImageObject\",\"inLanguage\":\"fr-FR\",\"@id\":\"https:\\\/\\\/forests.org\\\/fr\\\/#\\\/schema\\\/logo\\\/image\\\/\",\"url\":\"https:\\\/\\\/forests.org\\\/wp-content\\\/uploads\\\/Grant-SFI-logo-FI2.jpg\",\"contentUrl\":\"https:\\\/\\\/forests.org\\\/wp-content\\\/uploads\\\/Grant-SFI-logo-FI2.jpg\",\"width\":400,\"height\":400,\"caption\":\"Sustainable Forestry Initiative\"},\"image\":{\"@id\":\"https:\\\/\\\/forests.org\\\/fr\\\/#\\\/schema\\\/logo\\\/image\\\/\"},\"sameAs\":[\"https:\\\/\\\/www.facebook.com\\\/SustainableForestryInitiative\",\"https:\\\/\\\/x.com\\\/sfiprogram\",\"https:\\\/\\\/www.linkedin.com\\\/company\\\/sustainable-forestry-initiative-inc-\",\"https:\\\/\\\/www.youtube.com\\\/user\\\/SFIProgram\"]}]}<\/script>\n<!-- \/ Yoast SEO plugin. -->","yoast_head_json":{"title":"Reconnaissance par le PEFC - forests.org","robots":{"index":"index","follow":"follow","max-snippet":"max-snippet:-1","max-image-preview":"max-image-preview:large","max-video-preview":"max-video-preview:-1"},"canonical":"https:\/\/forests.org\/fr\/reconnaissance-par-le-pefc\/","og_locale":"fr_FR","og_type":"article","og_title":"Reconnaissance par le PEFC - forests.org","og_url":"https:\/\/forests.org\/fr\/reconnaissance-par-le-pefc\/","og_site_name":"forests.org","article_publisher":"https:\/\/www.facebook.com\/SustainableForestryInitiative","article_modified_time":"2023-03-15T18:42:19+00:00","og_image":[{"width":400,"height":218,"url":"https:\/\/forests.org\/wp-content\/uploads\/SFI-social-logo.jpg","type":"image\/jpeg"}],"twitter_card":"summary_large_image","twitter_site":"@sfiprogram","twitter_misc":{"Dur\u00e9e de lecture estim\u00e9e":"4 minutes"},"schema":{"@context":"https:\/\/schema.org","@graph":[{"@type":"WebPage","@id":"https:\/\/forests.org\/fr\/reconnaissance-par-le-pefc\/","url":"https:\/\/forests.org\/fr\/reconnaissance-par-le-pefc\/","name":"Reconnaissance par le PEFC - forests.org","isPartOf":{"@id":"https:\/\/forests.org\/fr\/#website"},"datePublished":"2019-02-22T22:31:21+00:00","dateModified":"2023-03-15T18:42:19+00:00","breadcrumb":{"@id":"https:\/\/forests.org\/fr\/reconnaissance-par-le-pefc\/#breadcrumb"},"inLanguage":"fr-FR","potentialAction":[{"@type":"ReadAction","target":["https:\/\/forests.org\/fr\/reconnaissance-par-le-pefc\/"]}]},{"@type":"BreadcrumbList","@id":"https:\/\/forests.org\/fr\/reconnaissance-par-le-pefc\/#breadcrumb","itemListElement":[{"@type":"ListItem","position":1,"name":"Home","item":"https:\/\/forests.org\/fr\/"},{"@type":"ListItem","position":2,"name":"Reconnaissance par le PEFC"}]},{"@type":"WebSite","@id":"https:\/\/forests.org\/fr\/#website","url":"https:\/\/forests.org\/fr\/","name":"forests.org","description":"","publisher":{"@id":"https:\/\/forests.org\/fr\/#organization"},"potentialAction":[{"@type":"SearchAction","target":{"@type":"EntryPoint","urlTemplate":"https:\/\/forests.org\/fr\/?s={search_term_string}"},"query-input":{"@type":"PropertyValueSpecification","valueRequired":true,"valueName":"search_term_string"}}],"inLanguage":"fr-FR"},{"@type":"Organization","@id":"https:\/\/forests.org\/fr\/#organization","name":"Sustainable Forestry Initiative","url":"https:\/\/forests.org\/fr\/","logo":{"@type":"ImageObject","inLanguage":"fr-FR","@id":"https:\/\/forests.org\/fr\/#\/schema\/logo\/image\/","url":"https:\/\/forests.org\/wp-content\/uploads\/Grant-SFI-logo-FI2.jpg","contentUrl":"https:\/\/forests.org\/wp-content\/uploads\/Grant-SFI-logo-FI2.jpg","width":400,"height":400,"caption":"Sustainable Forestry Initiative"},"image":{"@id":"https:\/\/forests.org\/fr\/#\/schema\/logo\/image\/"},"sameAs":["https:\/\/www.facebook.com\/SustainableForestryInitiative","https:\/\/x.com\/sfiprogram","https:\/\/www.linkedin.com\/company\/sustainable-forestry-initiative-inc-","https:\/\/www.youtube.com\/user\/SFIProgram"]}]}},"_links":{"self":[{"href":"https:\/\/forests.org\/fr\/wp-json\/wp\/v2\/pages\/359030","targetHints":{"allow":["GET"]}}],"collection":[{"href":"https:\/\/forests.org\/fr\/wp-json\/wp\/v2\/pages"}],"about":[{"href":"https:\/\/forests.org\/fr\/wp-json\/wp\/v2\/types\/page"}],"author":[{"embeddable":true,"href":"https:\/\/forests.org\/fr\/wp-json\/wp\/v2\/users\/1"}],"replies":[{"embeddable":true,"href":"https:\/\/forests.org\/fr\/wp-json\/wp\/v2\/comments?post=359030"}],"version-history":[{"count":0,"href":"https:\/\/forests.org\/fr\/wp-json\/wp\/v2\/pages\/359030\/revisions"}],"wp:attachment":[{"href":"https:\/\/forests.org\/fr\/wp-json\/wp\/v2\/media?parent=359030"}],"wp:term":[{"taxonomy":"wf_page_folders","embeddable":true,"href":"https:\/\/forests.org\/fr\/wp-json\/wp\/v2\/wf_page_folders?post=359030"}],"curies":[{"name":"wp","href":"https:\/\/api.w.org\/{rel}","templated":true}]}}