{"id":765361,"date":"2020-09-29T12:56:50","date_gmt":"2020-09-29T16:56:50","guid":{"rendered":"https:\/\/forests.org\/?page_id=765361"},"modified":"2023-03-07T14:12:25","modified_gmt":"2023-03-07T19:12:25","slug":"abonnez-vous-a-linfolettre-mensuelle","status":"publish","type":"page","link":"https:\/\/forests.org\/fr\/abonnez-vous-a-linfolettre-mensuelle\/","title":{"rendered":"Abonnez-Vous \u00c0 L\u2019infolettre Mensuelle FEATURED ARTICLE"},"content":{"rendered":"<div class=\"fusion-fullwidth fullwidth-box fusion-builder-row-1 fusion-flex-container has-pattern-background has-mask-background nonhundred-percent-fullwidth non-hundred-percent-height-scrolling\" style=\"--awb-border-radius-top-left:0px;--awb-border-radius-top-right:0px;--awb-border-radius-bottom-right:0px;--awb-border-radius-bottom-left:0px;--awb-padding-right:0px;--awb-padding-left:0px;--awb-flex-wrap:wrap;\" ><div class=\"fusion-builder-row fusion-row fusion-flex-align-items-flex-start fusion-flex-content-wrap\" style=\"max-width:104%;margin-left: calc(-4% \/ 2 );margin-right: calc(-4% \/ 2 );\"><div class=\"fusion-layout-column fusion_builder_column fusion-builder-column-0 fusion_builder_column_1_1 1_1 fusion-flex-column\" style=\"--awb-bg-position:center bottom;--awb-bg-size:cover;--awb-box-shadow:4px 4px 4px 3px #e8e8e8;;--awb-border-color:#a0a0a0;--awb-border-top:1px;--awb-border-right:1px;--awb-border-bottom:1px;--awb-border-left:1px;--awb-border-style:solid;--awb-width-large:100%;--awb-margin-top-large:0px;--awb-spacing-right-large:1.92%;--awb-margin-bottom-large:60px;--awb-spacing-left-large:1.92%;--awb-width-medium:33.3333333333%;--awb-order-medium:0;--awb-spacing-right-medium:5.76%;--awb-spacing-left-medium:5.76%;--awb-width-small:100%;--awb-order-small:0;--awb-spacing-right-small:1.92%;--awb-spacing-left-small:1.92%;\"><div class=\"fusion-column-wrapper fusion-column-has-shadow fusion-flex-justify-content-flex-start fusion-content-layout-column\"><div class=\"fusion-image-element \" style=\"text-align:center;--awb-caption-title-font-family:var(--h2_typography-font-family);--awb-caption-title-font-weight:var(--h2_typography-font-weight);--awb-caption-title-font-style:var(--h2_typography-font-style);--awb-caption-title-size:var(--h2_typography-font-size);--awb-caption-title-transform:var(--h2_typography-text-transform);--awb-caption-title-line-height:var(--h2_typography-line-height);--awb-caption-title-letter-spacing:var(--h2_typography-letter-spacing);\"><span class=\" fusion-imageframe imageframe-none imageframe-1 hover-type-zoomin hp-col-imgBox\"><a class=\"fusion-no-lightbox\" href=\"https:\/\/pltcanada.org\/en\/news\/\" target=\"_blank\" aria-label=\"PLTC_Newsletter_900x502\" rel=\"noopener noreferrer\"><img decoding=\"async\" width=\"900\" height=\"502\" alt=\"PLTC #MyGreenJob Newsletter\" src=\"data:image\/svg+xml,%3Csvg%20xmlns%3D%27http%3A%2F%2Fwww.w3.org%2F2000%2Fsvg%27%20width%3D%27900%27%20height%3D%27502%27%20viewBox%3D%270%200%20900%20502%27%3E%3Crect%20width%3D%27900%27%20height%3D%27502%27%20fill-opacity%3D%220%22%2F%3E%3C%2Fsvg%3E\" data-orig-src=\"https:\/\/forests.org\/wp-content\/uploads\/PLTC_Newsletter_900x502.jpg\" class=\"lazyload img-responsive wp-image-74721\"\/><\/a><\/span><\/div><div class=\"fusion-builder-row fusion-builder-row-inner fusion-row fusion-flex-align-items-flex-start fusion-flex-content-wrap\" style=\"--awb-flex-grow:0;--awb-flex-grow-medium:0;--awb-flex-grow-small:0;--awb-flex-shrink:0;--awb-flex-shrink-medium:0;--awb-flex-shrink-small:0;width:104% !important;max-width:104% !important;margin-left: calc(-4% \/ 2 );margin-right: calc(-4% \/ 2 );\"><div class=\"fusion-layout-column fusion_builder_column_inner fusion-builder-nested-column-0 fusion_builder_column_inner_1_1 1_1 fusion-flex-column callout-text\" style=\"--awb-padding-top:15px;--awb-bg-size:cover;--awb-width-large:100%;--awb-margin-top-large:0px;--awb-spacing-right-large:1.92%;--awb-margin-bottom-large:0px;--awb-spacing-left-large:1.92%;--awb-width-medium:100%;--awb-spacing-right-medium:1.92%;--awb-margin-bottom-medium:40px;--awb-spacing-left-medium:1.92%;--awb-width-small:100%;--awb-spacing-right-small:1.92%;--awb-spacing-left-small:1.92%;\"><div class=\"fusion-column-wrapper fusion-column-has-shadow fusion-flex-justify-content-flex-start fusion-content-layout-column\"><div class=\"fusion-text fusion-text-1\"><h4 class=\"hp-box-com\">LISEZ LES PLUS R\u00c9CENTES NOUVELLES<\/h4>\n<p><strong><a href=\"https:\/\/pltcanada.org\/en\/news\/\" target=\"_blank\" rel=\"noopener noreferrer\">ABONNEZ-VOUS \u00c0 L&rsquo;INFOLETTRE MENSUELLE #MonEmploiVert D&rsquo;APLA CANADA<\/a><\/strong><br \/>\nL\u2019infolettre, qui arrive directement dans votre bo\u00eete de r\u00e9ception, donne un aper\u00e7u de nos nouvelles, concours, articles sur des jeunes, activit\u00e9s et octrois de bourses d\u2019\u00e9tudes les plus r\u00e9cents.<br \/>\n<a href=\"https:\/\/pltcanada.org\/fr\/nouvelles\/bulletin-monemploivert\/\" target=\"_blank\" rel=\"noopener noreferrer\"><strong>Abonnez-vous d\u00e8s aujourd&rsquo;hui!<\/strong><\/a><\/p>\n<\/div><\/div><\/div><\/div><\/div><\/div><\/div><\/div>\n","protected":false},"excerpt":{"rendered":"","protected":false},"author":1,"featured_media":0,"parent":0,"menu_order":0,"comment_status":"closed","ping_status":"closed","template":"","meta":{"_exactmetrics_skip_tracking":false,"_exactmetrics_sitenote_active":false,"_exactmetrics_sitenote_note":"","_exactmetrics_sitenote_category":0,"footnotes":""},"wf_page_folders":[520,640],"class_list":["post-765361","page","type-page","status-publish","hentry"],"yoast_head":"<!-- This site is optimized with the Yoast SEO plugin v27.3 - https:\/\/yoast.com\/product\/yoast-seo-wordpress\/ -->\n<title>Abonnez-Vous \u00c0 L\u2019infolettre Mensuelle FEATURED ARTICLE - forests.org<\/title>\n<meta name=\"robots\" content=\"index, follow, max-snippet:-1, max-image-preview:large, max-video-preview:-1\" \/>\n<link rel=\"canonical\" href=\"https:\/\/forests.org\/fr\/abonnez-vous-a-linfolettre-mensuelle\/\" \/>\n<meta property=\"og:locale\" content=\"fr_FR\" \/>\n<meta property=\"og:type\" content=\"article\" \/>\n<meta property=\"og:title\" content=\"Abonnez-Vous \u00c0 L\u2019infolettre Mensuelle FEATURED ARTICLE - forests.org\" \/>\n<meta property=\"og:url\" content=\"https:\/\/forests.org\/fr\/abonnez-vous-a-linfolettre-mensuelle\/\" \/>\n<meta property=\"og:site_name\" content=\"forests.org\" \/>\n<meta property=\"article:publisher\" content=\"https:\/\/www.facebook.com\/SustainableForestryInitiative\" \/>\n<meta property=\"article:modified_time\" content=\"2023-03-07T19:12:25+00:00\" \/>\n<meta property=\"og:image\" content=\"https:\/\/forests.org\/wp-content\/uploads\/SFI-social-logo.jpg\" \/>\n\t<meta property=\"og:image:width\" content=\"400\" \/>\n\t<meta property=\"og:image:height\" content=\"218\" \/>\n\t<meta property=\"og:image:type\" content=\"image\/jpeg\" \/>\n<meta name=\"twitter:card\" content=\"summary_large_image\" \/>\n<meta name=\"twitter:site\" content=\"@sfiprogram\" \/>\n<meta name=\"twitter:label1\" content=\"Dur\u00e9e de lecture estim\u00e9e\" \/>\n\t<meta name=\"twitter:data1\" content=\"2 minutes\" \/>\n<script type=\"application\/ld+json\" class=\"yoast-schema-graph\">{\"@context\":\"https:\\\/\\\/schema.org\",\"@graph\":[{\"@type\":\"WebPage\",\"@id\":\"https:\\\/\\\/forests.org\\\/fr\\\/abonnez-vous-a-linfolettre-mensuelle\\\/\",\"url\":\"https:\\\/\\\/forests.org\\\/fr\\\/abonnez-vous-a-linfolettre-mensuelle\\\/\",\"name\":\"Abonnez-Vous \u00c0 L\u2019infolettre Mensuelle FEATURED ARTICLE - forests.org\",\"isPartOf\":{\"@id\":\"https:\\\/\\\/forests.org\\\/fr\\\/#website\"},\"datePublished\":\"2020-09-29T16:56:50+00:00\",\"dateModified\":\"2023-03-07T19:12:25+00:00\",\"breadcrumb\":{\"@id\":\"https:\\\/\\\/forests.org\\\/fr\\\/abonnez-vous-a-linfolettre-mensuelle\\\/#breadcrumb\"},\"inLanguage\":\"fr-FR\",\"potentialAction\":[{\"@type\":\"ReadAction\",\"target\":[\"https:\\\/\\\/forests.org\\\/fr\\\/abonnez-vous-a-linfolettre-mensuelle\\\/\"]}]},{\"@type\":\"BreadcrumbList\",\"@id\":\"https:\\\/\\\/forests.org\\\/fr\\\/abonnez-vous-a-linfolettre-mensuelle\\\/#breadcrumb\",\"itemListElement\":[{\"@type\":\"ListItem\",\"position\":1,\"name\":\"Home\",\"item\":\"https:\\\/\\\/forests.org\\\/fr\\\/\"},{\"@type\":\"ListItem\",\"position\":2,\"name\":\"Abonnez-Vous \u00c0 L\u2019infolettre Mensuelle FEATURED ARTICLE\"}]},{\"@type\":\"WebSite\",\"@id\":\"https:\\\/\\\/forests.org\\\/fr\\\/#website\",\"url\":\"https:\\\/\\\/forests.org\\\/fr\\\/\",\"name\":\"forests.org\",\"description\":\"\",\"publisher\":{\"@id\":\"https:\\\/\\\/forests.org\\\/fr\\\/#organization\"},\"potentialAction\":[{\"@type\":\"SearchAction\",\"target\":{\"@type\":\"EntryPoint\",\"urlTemplate\":\"https:\\\/\\\/forests.org\\\/fr\\\/?s={search_term_string}\"},\"query-input\":{\"@type\":\"PropertyValueSpecification\",\"valueRequired\":true,\"valueName\":\"search_term_string\"}}],\"inLanguage\":\"fr-FR\"},{\"@type\":\"Organization\",\"@id\":\"https:\\\/\\\/forests.org\\\/fr\\\/#organization\",\"name\":\"Sustainable Forestry Initiative\",\"url\":\"https:\\\/\\\/forests.org\\\/fr\\\/\",\"logo\":{\"@type\":\"ImageObject\",\"inLanguage\":\"fr-FR\",\"@id\":\"https:\\\/\\\/forests.org\\\/fr\\\/#\\\/schema\\\/logo\\\/image\\\/\",\"url\":\"https:\\\/\\\/forests.org\\\/wp-content\\\/uploads\\\/Grant-SFI-logo-FI2.jpg\",\"contentUrl\":\"https:\\\/\\\/forests.org\\\/wp-content\\\/uploads\\\/Grant-SFI-logo-FI2.jpg\",\"width\":400,\"height\":400,\"caption\":\"Sustainable Forestry Initiative\"},\"image\":{\"@id\":\"https:\\\/\\\/forests.org\\\/fr\\\/#\\\/schema\\\/logo\\\/image\\\/\"},\"sameAs\":[\"https:\\\/\\\/www.facebook.com\\\/SustainableForestryInitiative\",\"https:\\\/\\\/x.com\\\/sfiprogram\",\"https:\\\/\\\/www.linkedin.com\\\/company\\\/sustainable-forestry-initiative-inc-\",\"https:\\\/\\\/www.youtube.com\\\/user\\\/SFIProgram\"]}]}<\/script>\n<!-- \/ Yoast SEO plugin. -->","yoast_head_json":{"title":"Abonnez-Vous \u00c0 L\u2019infolettre Mensuelle FEATURED ARTICLE - forests.org","robots":{"index":"index","follow":"follow","max-snippet":"max-snippet:-1","max-image-preview":"max-image-preview:large","max-video-preview":"max-video-preview:-1"},"canonical":"https:\/\/forests.org\/fr\/abonnez-vous-a-linfolettre-mensuelle\/","og_locale":"fr_FR","og_type":"article","og_title":"Abonnez-Vous \u00c0 L\u2019infolettre Mensuelle FEATURED ARTICLE - forests.org","og_url":"https:\/\/forests.org\/fr\/abonnez-vous-a-linfolettre-mensuelle\/","og_site_name":"forests.org","article_publisher":"https:\/\/www.facebook.com\/SustainableForestryInitiative","article_modified_time":"2023-03-07T19:12:25+00:00","og_image":[{"width":400,"height":218,"url":"https:\/\/forests.org\/wp-content\/uploads\/SFI-social-logo.jpg","type":"image\/jpeg"}],"twitter_card":"summary_large_image","twitter_site":"@sfiprogram","twitter_misc":{"Dur\u00e9e de lecture estim\u00e9e":"2 minutes"},"schema":{"@context":"https:\/\/schema.org","@graph":[{"@type":"WebPage","@id":"https:\/\/forests.org\/fr\/abonnez-vous-a-linfolettre-mensuelle\/","url":"https:\/\/forests.org\/fr\/abonnez-vous-a-linfolettre-mensuelle\/","name":"Abonnez-Vous \u00c0 L\u2019infolettre Mensuelle FEATURED ARTICLE - forests.org","isPartOf":{"@id":"https:\/\/forests.org\/fr\/#website"},"datePublished":"2020-09-29T16:56:50+00:00","dateModified":"2023-03-07T19:12:25+00:00","breadcrumb":{"@id":"https:\/\/forests.org\/fr\/abonnez-vous-a-linfolettre-mensuelle\/#breadcrumb"},"inLanguage":"fr-FR","potentialAction":[{"@type":"ReadAction","target":["https:\/\/forests.org\/fr\/abonnez-vous-a-linfolettre-mensuelle\/"]}]},{"@type":"BreadcrumbList","@id":"https:\/\/forests.org\/fr\/abonnez-vous-a-linfolettre-mensuelle\/#breadcrumb","itemListElement":[{"@type":"ListItem","position":1,"name":"Home","item":"https:\/\/forests.org\/fr\/"},{"@type":"ListItem","position":2,"name":"Abonnez-Vous \u00c0 L\u2019infolettre Mensuelle FEATURED ARTICLE"}]},{"@type":"WebSite","@id":"https:\/\/forests.org\/fr\/#website","url":"https:\/\/forests.org\/fr\/","name":"forests.org","description":"","publisher":{"@id":"https:\/\/forests.org\/fr\/#organization"},"potentialAction":[{"@type":"SearchAction","target":{"@type":"EntryPoint","urlTemplate":"https:\/\/forests.org\/fr\/?s={search_term_string}"},"query-input":{"@type":"PropertyValueSpecification","valueRequired":true,"valueName":"search_term_string"}}],"inLanguage":"fr-FR"},{"@type":"Organization","@id":"https:\/\/forests.org\/fr\/#organization","name":"Sustainable Forestry Initiative","url":"https:\/\/forests.org\/fr\/","logo":{"@type":"ImageObject","inLanguage":"fr-FR","@id":"https:\/\/forests.org\/fr\/#\/schema\/logo\/image\/","url":"https:\/\/forests.org\/wp-content\/uploads\/Grant-SFI-logo-FI2.jpg","contentUrl":"https:\/\/forests.org\/wp-content\/uploads\/Grant-SFI-logo-FI2.jpg","width":400,"height":400,"caption":"Sustainable Forestry Initiative"},"image":{"@id":"https:\/\/forests.org\/fr\/#\/schema\/logo\/image\/"},"sameAs":["https:\/\/www.facebook.com\/SustainableForestryInitiative","https:\/\/x.com\/sfiprogram","https:\/\/www.linkedin.com\/company\/sustainable-forestry-initiative-inc-","https:\/\/www.youtube.com\/user\/SFIProgram"]}]}},"_links":{"self":[{"href":"https:\/\/forests.org\/fr\/wp-json\/wp\/v2\/pages\/765361","targetHints":{"allow":["GET"]}}],"collection":[{"href":"https:\/\/forests.org\/fr\/wp-json\/wp\/v2\/pages"}],"about":[{"href":"https:\/\/forests.org\/fr\/wp-json\/wp\/v2\/types\/page"}],"author":[{"embeddable":true,"href":"https:\/\/forests.org\/fr\/wp-json\/wp\/v2\/users\/1"}],"replies":[{"embeddable":true,"href":"https:\/\/forests.org\/fr\/wp-json\/wp\/v2\/comments?post=765361"}],"version-history":[{"count":0,"href":"https:\/\/forests.org\/fr\/wp-json\/wp\/v2\/pages\/765361\/revisions"}],"wp:attachment":[{"href":"https:\/\/forests.org\/fr\/wp-json\/wp\/v2\/media?parent=765361"}],"wp:term":[{"taxonomy":"wf_page_folders","embeddable":true,"href":"https:\/\/forests.org\/fr\/wp-json\/wp\/v2\/wf_page_folders?post=765361"}],"curies":[{"name":"wp","href":"https:\/\/api.w.org\/{rel}","templated":true}]}}